{"id":856,"date":"2023-03-30T19:08:24","date_gmt":"2023-03-30T19:08:24","guid":{"rendered":"https:\/\/myvcardhub.com\/?page_id=856"},"modified":"2023-03-30T19:12:49","modified_gmt":"2023-03-30T19:12:49","slug":"politica-de-privacidad","status":"publish","type":"page","link":"https:\/\/myvcardhub.com\/es\/politica-de-privacidad\/","title":{"rendered":"Pol\u00edtica de Privacidad"},"content":{"rendered":"<div data-elementor-type=\"wp-page\" data-elementor-id=\"856\" class=\"elementor elementor-856\" data-elementor-post-type=\"page\">\n\t\t\t\t\t\t<section class=\"elementor-section elementor-top-section elementor-element elementor-element-79f18bf elementor-section-boxed elementor-section-height-default elementor-section-height-default\" data-id=\"79f18bf\" data-element_type=\"section\" data-e-type=\"section\">\n\t\t\t\t\t\t<div class=\"elementor-container elementor-column-gap-default\">\n\t\t\t\t\t<div class=\"elementor-column elementor-col-100 elementor-top-column elementor-element elementor-element-a2f72b2\" data-id=\"a2f72b2\" data-element_type=\"column\" data-e-type=\"column\">\n\t\t\t<div class=\"elementor-widget-wrap elementor-element-populated\">\n\t\t\t\t\t\t<div class=\"elementor-element elementor-element-777220a elementor-widget elementor-widget-text-editor\" data-id=\"777220a\" data-element_type=\"widget\" data-e-type=\"widget\" data-widget_type=\"text-editor.default\">\n\t\t\t\t<div class=\"elementor-widget-container\">\n\t\t\t\t\t\t\t\t\t<p class=\"p1\" style=\"margin-bottom: 20px; font-style: normal; font-variant-numeric: normal; font-variant-east-asian: normal; font-variant-alternates: normal; font-kerning: auto; font-optical-sizing: auto; font-feature-settings: normal; font-variation-settings: normal; font-weight: 400; font-stretch: normal; font-size: 16px; line-height: normal; font-family: 'Helvetica Neue'; color: #000000; -webkit-text-stroke-color: #2a3140; background-color: #f5f5f6;\"><span class=\"s1\" style=\"font-kerning: none;\">Pol\u00edtica de Privacidad:<\/span><\/p>\n<p class=\"p1\" style=\"margin-bottom: 20px; font-style: normal; font-variant-numeric: normal; font-variant-east-asian: normal; font-variant-alternates: normal; font-kerning: auto; font-optical-sizing: auto; font-feature-settings: normal; font-variation-settings: normal; font-weight: 400; font-stretch: normal; font-size: 16px; line-height: normal; font-family: 'Helvetica Neue'; color: #000000; -webkit-text-stroke-color: #2a3140; background-color: #f5f5f6;\"><span class=\"s1\" style=\"font-kerning: none;\">Nuestra aplicaci\u00f3n no recopila ni almacena ninguna informaci\u00f3n personal de los usuarios. Respetamos su privacidad y no seguimos ni supervisamos su actividad dentro de la aplicaci\u00f3n. No compartimos ninguna informaci\u00f3n con servicios de terceros o anunciantes.<\/span><\/p>\n<p class=\"p1\" style=\"margin-bottom: 20px; font-style: normal; font-variant-numeric: normal; font-variant-east-asian: normal; font-variant-alternates: normal; font-kerning: auto; font-optical-sizing: auto; font-feature-settings: normal; font-variation-settings: normal; font-weight: 400; font-stretch: normal; font-size: 16px; line-height: normal; font-family: 'Helvetica Neue'; color: #000000; -webkit-text-stroke-color: #2a3140; background-color: #f5f5f6;\"><span class=\"s1\" style=\"font-kerning: none;\">Podemos recopilar informaci\u00f3n no personal, como el tipo de dispositivo, el sistema operativo y las estad\u00edsticas de uso para mejorar la funcionalidad de la aplicaci\u00f3n y comprender mejor nuestra base de usuarios. Esta informaci\u00f3n se recopila de forma an\u00f3nima y no se puede utilizar para identificar usuarios individuales.<\/span><\/p>\n<p class=\"p1\" style=\"margin-bottom: 20px; font-style: normal; font-variant-numeric: normal; font-variant-east-asian: normal; font-variant-alternates: normal; font-kerning: auto; font-optical-sizing: auto; font-feature-settings: normal; font-variation-settings: normal; font-weight: 400; font-stretch: normal; font-size: 16px; line-height: normal; font-family: 'Helvetica Neue'; color: #000000; -webkit-text-stroke-color: #2a3140; background-color: #f5f5f6;\"><span class=\"s1\" style=\"font-kerning: none;\">No utilizamos cookies ni ninguna otra tecnolog\u00eda de seguimiento en nuestra aplicaci\u00f3n.<\/span><\/p>\n<p class=\"p1\" style=\"margin-bottom: 20px; font-style: normal; font-variant-numeric: normal; font-variant-east-asian: normal; font-variant-alternates: normal; font-kerning: auto; font-optical-sizing: auto; font-feature-settings: normal; font-variation-settings: normal; font-weight: 400; font-stretch: normal; font-size: 16px; line-height: normal; font-family: 'Helvetica Neue'; color: #000000; -webkit-text-stroke-color: #2a3140; background-color: #f5f5f6;\"><span class=\"s1\" style=\"font-kerning: none;\">Si tiene alguna pregunta o inquietud sobre nuestra pol\u00edtica de privacidad, cont\u00e1ctenos en iptvallinone3@gmail.com.<\/span><\/p>\n<p class=\"p2\" style=\"margin-bottom: 0px; font-style: normal; font-variant-numeric: normal; font-variant-east-asian: normal; font-variant-alternates: normal; font-kerning: auto; font-optical-sizing: auto; font-feature-settings: normal; font-variation-settings: normal; font-weight: 400; font-stretch: normal; font-size: 16px; line-height: normal; font-family: 'Helvetica Neue'; color: #000000; -webkit-text-stroke-color: #2a3140; background-color: #f5f5f6;\"><span class=\"s1\" style=\"font-kerning: none;\">Al utilizar nuestra aplicaci\u00f3n, acepta los t\u00e9rminos de esta pol\u00edtica de privacidad. Nos reservamos el derecho de realizar cambios en esta pol\u00edtica en cualquier momento. Es su responsabilidad verificar las actualizaciones de esta pol\u00edtica.<\/span><\/p>\t\t\t\t\t\t\t\t<\/div>\n\t\t\t\t<\/div>\n\t\t\t\t\t<\/div>\n\t\t<\/div>\n\t\t\t\t\t<\/div>\n\t\t<\/section>\n\t\t\t\t<\/div>","protected":false},"excerpt":{"rendered":"<p>Pol\u00edtica de Privacidad: Nuestra aplicaci\u00f3n no recopila ni almacena ninguna informaci\u00f3n personal de los usuarios. Respetamos su privacidad y no seguimos ni supervisamos su actividad dentro de la aplicaci\u00f3n. No compartimos ninguna informaci\u00f3n con servicios de terceros o anunciantes. Podemos recopilar informaci\u00f3n no personal, como el tipo de dispositivo, el sistema operativo y las estad\u00edsticas [&hellip;]<\/p>\n","protected":false},"author":1,"featured_media":0,"parent":0,"menu_order":0,"comment_status":"closed","ping_status":"closed","template":"","meta":{"site-sidebar-layout":"no-sidebar","site-content-layout":"page-builder","ast-site-content-layout":"default","site-content-style":"default","site-sidebar-style":"default","ast-global-header-display":"","ast-banner-title-visibility":"","ast-main-header-display":"","ast-hfb-above-header-display":"","ast-hfb-below-header-display":"","ast-hfb-mobile-header-display":"","site-post-title":"disabled","ast-breadcrumbs-content":"","ast-featured-img":"disabled","footer-sml-layout":"","ast-disable-related-posts":"","theme-transparent-header-meta":"","adv-header-id-meta":"","stick-header-meta":"","header-above-stick-meta":"","header-main-stick-meta":"","header-below-stick-meta":"","astra-migrate-meta-layouts":"default","ast-page-background-enabled":"default","ast-page-background-meta":{"desktop":{"background-color":"var(--ast-global-color-4)","background-image":"","background-repeat":"repeat","background-position":"center center","background-size":"auto","background-attachment":"scroll","background-type":"","background-media":"","overlay-type":"","overlay-color":"","overlay-opacity":"","overlay-gradient":""},"tablet":{"background-color":"","background-image":"","background-repeat":"repeat","background-position":"center center","background-size":"auto","background-attachment":"scroll","background-type":"","background-media":"","overlay-type":"","overlay-color":"","overlay-opacity":"","overlay-gradient":""},"mobile":{"background-color":"","background-image":"","background-repeat":"repeat","background-position":"center center","background-size":"auto","background-attachment":"scroll","background-type":"","background-media":"","overlay-type":"","overlay-color":"","overlay-opacity":"","overlay-gradient":""}},"ast-content-background-meta":{"desktop":{"background-color":"var(--ast-global-color-5)","background-image":"","background-repeat":"repeat","background-position":"center center","background-size":"auto","background-attachment":"scroll","background-type":"","background-media":"","overlay-type":"","overlay-color":"","overlay-opacity":"","overlay-gradient":""},"tablet":{"background-color":"var(--ast-global-color-5)","background-image":"","background-repeat":"repeat","background-position":"center center","background-size":"auto","background-attachment":"scroll","background-type":"","background-media":"","overlay-type":"","overlay-color":"","overlay-opacity":"","overlay-gradient":""},"mobile":{"background-color":"var(--ast-global-color-5)","background-image":"","background-repeat":"repeat","background-position":"center center","background-size":"auto","background-attachment":"scroll","background-type":"","background-media":"","overlay-type":"","overlay-color":"","overlay-opacity":"","overlay-gradient":""}},"footnotes":""},"class_list":["post-856","page","type-page","status-publish","hentry"],"yoast_head":"<!-- This site is optimized with the Yoast SEO plugin v27.5 - https:\/\/yoast.com\/product\/yoast-seo-wordpress\/ -->\n<title>Pol\u00edtica de Privacidad - My Vcard Hub<\/title>\n<meta name=\"robots\" content=\"index, follow, max-snippet:-1, max-image-preview:large, max-video-preview:-1\" \/>\n<link rel=\"canonical\" href=\"https:\/\/myvcardhub.com\/es\/politica-de-privacidad\/\" \/>\n<meta property=\"og:locale\" content=\"es_ES\" \/>\n<meta property=\"og:type\" content=\"article\" \/>\n<meta property=\"og:title\" content=\"Pol\u00edtica de Privacidad - My Vcard Hub\" \/>\n<meta property=\"og:description\" content=\"Pol\u00edtica de Privacidad: Nuestra aplicaci\u00f3n no recopila ni almacena ninguna informaci\u00f3n personal de los usuarios. Respetamos su privacidad y no seguimos ni supervisamos su actividad dentro de la aplicaci\u00f3n. No compartimos ninguna informaci\u00f3n con servicios de terceros o anunciantes. Podemos recopilar informaci\u00f3n no personal, como el tipo de dispositivo, el sistema operativo y las estad\u00edsticas [&hellip;]\" \/>\n<meta property=\"og:url\" content=\"https:\/\/myvcardhub.com\/es\/politica-de-privacidad\/\" \/>\n<meta property=\"og:site_name\" content=\"My Vcard Hub\" \/>\n<meta property=\"article:modified_time\" content=\"2023-03-30T19:12:49+00:00\" \/>\n<meta property=\"og:image\" content=\"https:\/\/myvcardhub.com\/wp-content\/uploads\/2024\/03\/Logo-MyVcardHub-1200x675-2.jpg\" \/>\n\t<meta property=\"og:image:width\" content=\"1200\" \/>\n\t<meta property=\"og:image:height\" content=\"675\" \/>\n\t<meta property=\"og:image:type\" content=\"image\/jpeg\" \/>\n<meta name=\"twitter:card\" content=\"summary_large_image\" \/>\n<meta name=\"twitter:label1\" content=\"Tiempo de lectura\" \/>\n\t<meta name=\"twitter:data1\" content=\"1 minuto\" \/>\n<script type=\"application\/ld+json\" class=\"yoast-schema-graph\">{\"@context\":\"https:\\\/\\\/schema.org\",\"@graph\":[{\"@type\":\"WebPage\",\"@id\":\"https:\\\/\\\/myvcardhub.com\\\/politica-de-privacidad\\\/\",\"url\":\"https:\\\/\\\/myvcardhub.com\\\/politica-de-privacidad\\\/\",\"name\":\"Pol\u00edtica de Privacidad - My Vcard Hub\",\"isPartOf\":{\"@id\":\"https:\\\/\\\/myvcardhub.com\\\/#website\"},\"datePublished\":\"2023-03-30T19:08:24+00:00\",\"dateModified\":\"2023-03-30T19:12:49+00:00\",\"breadcrumb\":{\"@id\":\"https:\\\/\\\/myvcardhub.com\\\/politica-de-privacidad\\\/#breadcrumb\"},\"inLanguage\":\"es\",\"potentialAction\":[{\"@type\":\"ReadAction\",\"target\":[\"https:\\\/\\\/myvcardhub.com\\\/politica-de-privacidad\\\/\"]}]},{\"@type\":\"BreadcrumbList\",\"@id\":\"https:\\\/\\\/myvcardhub.com\\\/politica-de-privacidad\\\/#breadcrumb\",\"itemListElement\":[{\"@type\":\"ListItem\",\"position\":1,\"name\":\"Portada\",\"item\":\"https:\\\/\\\/myvcardhub.com\\\/\"},{\"@type\":\"ListItem\",\"position\":2,\"name\":\"Pol\u00edtica de Privacidad\"}]},{\"@type\":\"WebSite\",\"@id\":\"https:\\\/\\\/myvcardhub.com\\\/#website\",\"url\":\"https:\\\/\\\/myvcardhub.com\\\/\",\"name\":\"My Vcard Hub\",\"description\":\"A Mini-Website Designed to Connect, Share, and Stand Out.\",\"publisher\":{\"@id\":\"https:\\\/\\\/myvcardhub.com\\\/#organization\"},\"potentialAction\":[{\"@type\":\"SearchAction\",\"target\":{\"@type\":\"EntryPoint\",\"urlTemplate\":\"https:\\\/\\\/myvcardhub.com\\\/?s={search_term_string}\"},\"query-input\":{\"@type\":\"PropertyValueSpecification\",\"valueRequired\":true,\"valueName\":\"search_term_string\"}}],\"inLanguage\":\"es\"},{\"@type\":\"Organization\",\"@id\":\"https:\\\/\\\/myvcardhub.com\\\/#organization\",\"name\":\"My Vcard Hub\",\"url\":\"https:\\\/\\\/myvcardhub.com\\\/\",\"logo\":{\"@type\":\"ImageObject\",\"inLanguage\":\"es\",\"@id\":\"https:\\\/\\\/myvcardhub.com\\\/#\\\/schema\\\/logo\\\/image\\\/\",\"url\":\"https:\\\/\\\/myvcardhub.com\\\/wp-content\\\/uploads\\\/2024\\\/03\\\/Logo-MyVcardHub4-177x142-1.png\",\"contentUrl\":\"https:\\\/\\\/myvcardhub.com\\\/wp-content\\\/uploads\\\/2024\\\/03\\\/Logo-MyVcardHub4-177x142-1.png\",\"width\":177,\"height\":142,\"caption\":\"My Vcard Hub\"},\"image\":{\"@id\":\"https:\\\/\\\/myvcardhub.com\\\/#\\\/schema\\\/logo\\\/image\\\/\"}}]}<\/script>\n<!-- \/ Yoast SEO plugin. -->","yoast_head_json":{"title":"Pol\u00edtica de Privacidad - My Vcard Hub","robots":{"index":"index","follow":"follow","max-snippet":"max-snippet:-1","max-image-preview":"max-image-preview:large","max-video-preview":"max-video-preview:-1"},"canonical":"https:\/\/myvcardhub.com\/es\/politica-de-privacidad\/","og_locale":"es_ES","og_type":"article","og_title":"Pol\u00edtica de Privacidad - My Vcard Hub","og_description":"Pol\u00edtica de Privacidad: Nuestra aplicaci\u00f3n no recopila ni almacena ninguna informaci\u00f3n personal de los usuarios. Respetamos su privacidad y no seguimos ni supervisamos su actividad dentro de la aplicaci\u00f3n. No compartimos ninguna informaci\u00f3n con servicios de terceros o anunciantes. Podemos recopilar informaci\u00f3n no personal, como el tipo de dispositivo, el sistema operativo y las estad\u00edsticas [&hellip;]","og_url":"https:\/\/myvcardhub.com\/es\/politica-de-privacidad\/","og_site_name":"My Vcard Hub","article_modified_time":"2023-03-30T19:12:49+00:00","og_image":[{"width":1200,"height":675,"url":"https:\/\/myvcardhub.com\/wp-content\/uploads\/2024\/03\/Logo-MyVcardHub-1200x675-2.jpg","type":"image\/jpeg"}],"twitter_card":"summary_large_image","twitter_misc":{"Tiempo de lectura":"1 minuto"},"schema":{"@context":"https:\/\/schema.org","@graph":[{"@type":"WebPage","@id":"https:\/\/myvcardhub.com\/politica-de-privacidad\/","url":"https:\/\/myvcardhub.com\/politica-de-privacidad\/","name":"Pol\u00edtica de Privacidad - My Vcard Hub","isPartOf":{"@id":"https:\/\/myvcardhub.com\/#website"},"datePublished":"2023-03-30T19:08:24+00:00","dateModified":"2023-03-30T19:12:49+00:00","breadcrumb":{"@id":"https:\/\/myvcardhub.com\/politica-de-privacidad\/#breadcrumb"},"inLanguage":"es","potentialAction":[{"@type":"ReadAction","target":["https:\/\/myvcardhub.com\/politica-de-privacidad\/"]}]},{"@type":"BreadcrumbList","@id":"https:\/\/myvcardhub.com\/politica-de-privacidad\/#breadcrumb","itemListElement":[{"@type":"ListItem","position":1,"name":"Portada","item":"https:\/\/myvcardhub.com\/"},{"@type":"ListItem","position":2,"name":"Pol\u00edtica de Privacidad"}]},{"@type":"WebSite","@id":"https:\/\/myvcardhub.com\/#website","url":"https:\/\/myvcardhub.com\/","name":"My Vcard Hub","description":"A Mini-Website Designed to Connect, Share, and Stand Out.","publisher":{"@id":"https:\/\/myvcardhub.com\/#organization"},"potentialAction":[{"@type":"SearchAction","target":{"@type":"EntryPoint","urlTemplate":"https:\/\/myvcardhub.com\/?s={search_term_string}"},"query-input":{"@type":"PropertyValueSpecification","valueRequired":true,"valueName":"search_term_string"}}],"inLanguage":"es"},{"@type":"Organization","@id":"https:\/\/myvcardhub.com\/#organization","name":"My Vcard Hub","url":"https:\/\/myvcardhub.com\/","logo":{"@type":"ImageObject","inLanguage":"es","@id":"https:\/\/myvcardhub.com\/#\/schema\/logo\/image\/","url":"https:\/\/myvcardhub.com\/wp-content\/uploads\/2024\/03\/Logo-MyVcardHub4-177x142-1.png","contentUrl":"https:\/\/myvcardhub.com\/wp-content\/uploads\/2024\/03\/Logo-MyVcardHub4-177x142-1.png","width":177,"height":142,"caption":"My Vcard Hub"},"image":{"@id":"https:\/\/myvcardhub.com\/#\/schema\/logo\/image\/"}}]}},"_links":{"self":[{"href":"https:\/\/myvcardhub.com\/es\/wp-json\/wp\/v2\/pages\/856","targetHints":{"allow":["GET"]}}],"collection":[{"href":"https:\/\/myvcardhub.com\/es\/wp-json\/wp\/v2\/pages"}],"about":[{"href":"https:\/\/myvcardhub.com\/es\/wp-json\/wp\/v2\/types\/page"}],"author":[{"embeddable":true,"href":"https:\/\/myvcardhub.com\/es\/wp-json\/wp\/v2\/users\/1"}],"replies":[{"embeddable":true,"href":"https:\/\/myvcardhub.com\/es\/wp-json\/wp\/v2\/comments?post=856"}],"version-history":[{"count":11,"href":"https:\/\/myvcardhub.com\/es\/wp-json\/wp\/v2\/pages\/856\/revisions"}],"predecessor-version":[{"id":867,"href":"https:\/\/myvcardhub.com\/es\/wp-json\/wp\/v2\/pages\/856\/revisions\/867"}],"wp:attachment":[{"href":"https:\/\/myvcardhub.com\/es\/wp-json\/wp\/v2\/media?parent=856"}],"curies":[{"name":"wp","href":"https:\/\/api.w.org\/{rel}","templated":true}]}}